{"id":76,"date":"2025-11-11T14:41:29","date_gmt":"2025-11-11T14:41:29","guid":{"rendered":"https:\/\/sigurnazona.ba\/contact\/"},"modified":"2026-02-11T00:32:24","modified_gmt":"2026-02-11T00:32:24","slug":"contact","status":"publish","type":"page","link":"https:\/\/sigurnazona.ba\/en\/contact\/","title":{"rendered":"Contact"},"content":{"rendered":"<div class=\"section-wrapper\" data-id=\"uzUJgx\"><section class=\"wp-block-gutenverse-section guten-element guten-section guten-uzUJgx layout-boxed align-stretch\"><div class=\"guten-container guten-column-gap-no\">\n<div class=\"wp-block-gutenverse-column guten-element guten-column guten-YKNDb4\"><div class=\"guten-column-wrapper\" data-id=\"YKNDb4\">\n<div class=\"wp-block-gutenverse-image guten-element guten-image guten-6D2zku\"><a class=\"guten-image-wrapper\" href=\"https:\/\/sigurnazona.ba\/en\/\"><img fetchpriority=\"high\" decoding=\"async\" class=\"gutenverse-image-box-filled\" src=\"https:\/\/sigurnazona.ba\/wp-content\/uploads\/2025\/11\/sigurna-zona-logo-removebg-preview.png\" height=\"362\" width=\"690\"\/><\/a><\/div>\n<\/div><\/div>\n\n\n\n<div class=\"wp-block-gutenverse-column guten-element guten-column guten-PFEezo\"><div class=\"guten-column-wrapper\" data-id=\"PFEezo\"><div id=\"guten-oLalE4\" class=\"guten-element guten-nav-menu nav-menu break-point-tablet submenu-click-title\" data-item-indicator=\"gtn gtn-angle-down-solid\" data-item-indicator-type=\"icon\" data-item-indicator-svg=\"\" data-close-on-click=\"1\">\n\t\t\t<div class=\"gutenverse-hamburger-wrapper\">\n\t\t\t\t<button class=\"gutenverse-hamburger-menu\" aria-label=\"\">\n\t\t\t\t<i aria-hidden=\"true\" class=\"fas fa-bars\"><\/i>\n\t\t\t\t<\/button>\n\t\t\t<\/div>\n\t\t\t\n\t\t\t<div class=\"gutenverse-menu-wrapper\"><div class=\"gutenverse-menu-container\"><ul id=\"menu-cryptiva-1\" class=\"gutenverse-menu\"><li id=\"menu-item-41\" class=\"menu-item-41  menu-item menu-item-type-custom menu-item-object-custom\"><a aria-label=\"Po\u010detna\" href=\"javascript:void(0);\" data-href=\"https:\/\/sigurnazona.ba\/\">Po\u010detna<\/a><\/li>\n<li id=\"menu-item-42\" class=\"menu-item-42  menu-item menu-item-type-custom menu-item-object-custom\"><a aria-label=\"O nama\" href=\"javascript:void(0);\" data-href=\"https:\/\/sigurnazona.ba\/about\/\">O nama<\/a><\/li>\n<li id=\"menu-item-261\" class=\"menu-item-261  menu-item menu-item-type-post_type menu-item-object-page\"><a aria-label=\"Alati i resursi\" href=\"javascript:void(0);\" data-href=\"https:\/\/sigurnazona.ba\/en\/tools-and-resources\/\">Alati i resursi<\/a><\/li>\n<li id=\"menu-item-258\" class=\"menu-item-258  menu-item menu-item-type-post_type menu-item-object-page\"><a aria-label=\"Glossary\" href=\"javascript:void(0);\" data-href=\"https:\/\/sigurnazona.ba\/en\/glossary-2\/\">Glossary<\/a><\/li>\n<li id=\"menu-item-330\" class=\"menu-item-330  menu-item menu-item-type-taxonomy menu-item-object-category\"><a aria-label=\"Aktualno\" href=\"javascript:void(0);\" data-href=\"https:\/\/sigurnazona.ba\/en\/category\/aktualno\/\">Aktualno<\/a><\/li>\n<li id=\"menu-item-260\" class=\"menu-item-260  menu-item menu-item-type-post_type menu-item-object-page\"><a aria-label=\"FAQ\" href=\"javascript:void(0);\" data-href=\"https:\/\/sigurnazona.ba\/en\/faq\/\">FAQ<\/a><\/li>\n<li id=\"menu-item-259\" class=\"menu-item-259  menu-item menu-item-type-post_type menu-item-object-page\"><a aria-label=\"Kontakt\" href=\"javascript:void(0);\" data-href=\"https:\/\/sigurnazona.ba\/en\/contact\/\">Kontakt<\/a><\/li>\n<\/ul><\/div>\n\t\t\t\t<div>\n\t\t\t\t\t<div class=\"gutenverse-nav-identity-panel\">\n\t\t\t\t\t\t<div class=\"gutenverse-nav-site-title\">\n\t\t\t\t\t\t\t<a href=\"https:\/\/sigurnazona.ba\/en\" class=\"gutenverse-nav-logo\"><img decoding=\"async\" src=\"https:\/\/sigurnazona.ba\/wp-content\/uploads\/2025\/11\/sigurna-zona-logo-removebg-preview.png\" alt=\"Sigurna zona - \" width=\"690\" height=\"362\"><\/a>\n\t\t\t\t\t\t<\/div>\n\t\t\t\t\t\t<button class=\"gutenverse-close-menu\" aria-label=\"\"><i aria-hidden=\"true\" class=\"fas fa-times\"><\/i><\/button>\n\t\t\t\t\t<\/div>\n\t\t\t\t<\/div>\n\t\t\t<\/div>\n\t\t<\/div><\/div><\/div>\n\n\n\n<div class=\"wp-block-gutenverse-column guten-element guten-column guten-Ba9r5f hide-tablet hide-mobile\"><div class=\"guten-column-wrapper\" data-id=\"Ba9r5f\">\n<div class=\"guten-element guten-button-wrapper guten-GqIXs8 hide-tablet hide-mobile\"><a class=\"guten-button guten-button-sm\" href=\"https:\/\/sigurnazona.ba\/en\/contact\/\"><span>Contact Us<\/span><\/a><\/div>\n<\/div><\/div>\n<\/div><\/section><\/div>\n\n\n\n<div class=\"section-wrapper\" data-id=\"aWj3Se\"><section class=\"wp-block-gutenverse-section guten-element guten-section guten-aWj3Se layout-boxed align-stretch\"><div class=\"guten-background-overlay\"><\/div><div class=\"guten-container guten-column-gap-default\">\n<div class=\"wp-block-gutenverse-column guten-element guten-column guten-xnCyhD\"><div class=\"guten-column-wrapper\" data-id=\"xnCyhD\">\n<h2 class=\"wp-block-gutenverse-heading guten-element guten-P56jAS\">Kontaktirajte nas<\/h2>\n\n\n\n<div class=\"guten-element gutenverse-text-editor guten-VbA7Gj\"><div class=\"text-content-inner\">\n<p>Imate pitanja ili vam je potrebna stru\u010dna pomo\u0107 u oblasti cyber sigurnosti? Na\u0161 tim je tu da vam pru\u017ei savjete, podr\u0161ku i prilago\u0111ena sigurnosna rje\u0161enja. Slobodno nas kontaktirajte \u2014 odgovorit \u0107emo u najkra\u0107em mogu\u0107em roku.<br><br><strong>info@sigurnazona.ba; Facebook-stranica: <a href=\"https:\/\/www.facebook.com\/sigurnazona.ba\/\">sigurnazona.ba<\/a>; LinkedIn: <a href=\"https:\/\/www.linkedin.com\/company\/sigurnazona\">SigurnaZona<\/a><\/strong><\/p>\n<\/div><\/div>\n<\/div><\/div>\n<\/div><\/section><\/div>\n\n\n\n<div class=\"section-wrapper\" data-id=\"u5PSFv\"><section class=\"wp-block-gutenverse-section guten-element guten-section guten-u5PSFv layout-boxed align-stretch\"><div class=\"guten-container guten-column-gap-no\">\n<div class=\"wp-block-gutenverse-column guten-element guten-column guten-NXDRRN\"><div class=\"guten-column-wrapper\" data-id=\"NXDRRN\">\n<h5 class=\"wp-block-gutenverse-heading guten-element guten-gH2KIl\">Contact Us<\/h5>\n\n\n\n<h2 class=\"wp-block-gutenverse-heading guten-element guten-DbkIJg\">Get In Touch<\/h2>\n\n\n\n<div class=\"guten-element gutenverse-text-editor guten-KD2MH0\"><div class=\"text-content-inner\">\n<p>Kontaktirajte nas, stojimo vam na raspolaganju!<\/p>\n<\/div><\/div>\n\n\n\n<div class=\"section-wrapper\" data-id=\"ebkunx\"><section class=\"wp-block-gutenverse-section guten-element guten-section guten-ebkunx layout-boxed align-stretch\"><div class=\"guten-container guten-column-gap-no\">\n<div class=\"wp-block-gutenverse-column guten-element guten-column guten-Is5MUm\"><div class=\"guten-column-wrapper\" data-id=\"Is5MUm\"><\/div><\/div>\n\n\n\n<div class=\"wp-block-gutenverse-column guten-element guten-column guten-8OFkJ3\"><div class=\"guten-column-wrapper\" data-id=\"8OFkJ3\"><\/div><\/div>\n<\/div><\/section><\/div>\n\n\n\n<div class=\"section-wrapper\" data-id=\"at37Y3\"><section class=\"wp-block-gutenverse-section guten-element guten-section guten-at37Y3 layout-boxed align-stretch\"><div class=\"guten-container guten-column-gap-no\">\n<div class=\"wp-block-gutenverse-column guten-element guten-column guten-Inwvfo\"><div class=\"guten-column-wrapper\" data-id=\"Inwvfo\"><\/div><\/div>\n\n\n\n<div class=\"wp-block-gutenverse-column guten-element guten-column guten-V0h7Sj\"><div class=\"guten-column-wrapper\" data-id=\"V0h7Sj\">\n<div class=\"guten-element guten-2Q9vvL guten-icon-box icon-position-left\"><div class=\"guten-icon-box-wrapper hover-from-left\"><div class=\"icon-box icon-box-header\"><div class=\"icon bg-style-color\"><i class=\"gtn gtn-envelope2-light icon-style-color\"><\/i><\/div><\/div><div class=\"icon-box icon-box-body\"><h2 class=\"title\">Email Address<\/h2><p class=\"icon-box-description\">info@sigurnazona.ba<\/p><\/div><\/div><\/div>\n<\/div><\/div>\n<\/div><\/section><\/div>\n<\/div><\/div>\n\n\n\n<div class=\"wp-block-gutenverse-column guten-element guten-column guten-MfvVlf\"><div class=\"guten-column-wrapper\" data-id=\"MfvVlf\">\n<form style=\"display:none\" class=\"guten-element guten-form-builder guten-ZZBtQr\" data-form-id=\"1474\" action=\"\">\n<div class=\"section-wrapper\" data-id=\"PNYApv\"><section class=\"wp-block-gutenverse-section guten-element guten-section guten-PNYApv layout-boxed align-stretch\"><div class=\"guten-container guten-column-gap-no\">\n<div class=\"wp-block-gutenverse-column guten-element guten-column guten-TaOz6A\"><div class=\"guten-column-wrapper\" data-id=\"TaOz6A\">\n<div class=\"guten-element guten-form-input-text guten-form-input guten-input-position-top guten-bkPu17 hide-label hide-helper\"><div class=\"label-wrapper\"><\/div><div class=\"main-wrapper\"><input data-validation=\"{&quot;type&quot;:&quot;text&quot;,&quot;required&quot;:false,&quot;validationType&quot;:&quot;none&quot;,&quot;validationWarning&quot;:&quot;Input Invalid&quot;}\" placeholder=\"Your Name\" name=\"\" class=\"gutenverse-input gutenverse-input-text\" type=\"text\"\/><div class=\"validation-error\">Input Invalid<\/div><\/div><\/div>\n\n\n\n<div class=\"guten-element guten-form-input-email guten-form-input guten-input-position-top guten-prXYcL hide-label hide-helper\"><div class=\"label-wrapper\"><\/div><div class=\"main-wrapper\"><input data-validation=\"{&quot;type&quot;:&quot;email&quot;,&quot;required&quot;:false,&quot;validationType&quot;:&quot;none&quot;,&quot;validationWarning&quot;:&quot;Input Invalid&quot;}\" placeholder=\"Your Email\" name=\"input-email\" class=\"gutenverse-input gutenverse-input-email\" type=\"email\"\/><div class=\"validation-error\">Input Invalid<\/div><\/div><\/div>\n\n\n\n<div class=\"guten-element guten-form-input-text guten-form-input guten-input-position-top guten-NZaQQL hide-label hide-helper\"><div class=\"label-wrapper\"><\/div><div class=\"main-wrapper\"><input data-validation=\"{&quot;type&quot;:&quot;text&quot;,&quot;required&quot;:false,&quot;validationType&quot;:&quot;none&quot;,&quot;validationWarning&quot;:&quot;Input Invalid&quot;}\" placeholder=\"Your Subject\" name=\"input-text-name\" class=\"gutenverse-input gutenverse-input-text\" type=\"text\"\/><div class=\"validation-error\">Input Invalid<\/div><\/div><\/div>\n\n\n\n<div class=\"guten-element guten-form-input-textarea guten-form-input guten-input-position-top guten-d7ZeAS hide-label hide-helper\"><div class=\"label-wrapper\"><\/div><div class=\"main-wrapper\"><textarea data-validation=\"{&quot;type&quot;:&quot;textarea&quot;,&quot;required&quot;:false,&quot;validationType&quot;:&quot;none&quot;,&quot;validationWarning&quot;:&quot;Input Invalid&quot;}\" placeholder=\"Your Message\" name=\"input-textarea\" class=\"gutenverse-input gutenverse-input-text\"><\/textarea><div class=\"validation-error\">Input Invalid<\/div><\/div><\/div>\n\n\n\n<div class=\"guten-element guten-button-wrapper guten-submit-wrapper guten-iTSqfd\"><div class=\"form-notification\"><\/div><button class=\"guten-button gutenverse-input-submit guten-button-sm\" type=\"submit\"><span>Send Message<\/span><\/button><div class=\"gutenverse-input-submit-loader\"><svg xmlns=\"http:\/\/www.w3.org\/2000\/svg\" viewbox=\"0 0 640 640\"><path d=\"M272 112C272 85.5 293.5 64 320 64C346.5 64 368 85.5 368 112C368 138.5 346.5 160 320 160C293.5 160 272 138.5 272 112zM272 528C272 501.5 293.5 480 320 480C346.5 480 368 501.5 368 528C368 554.5 346.5 576 320 576C293.5 576 272 554.5 272 528zM112 272C138.5 272 160 293.5 160 320C160 346.5 138.5 368 112 368C85.5 368 64 346.5 64 320C64 293.5 85.5 272 112 272zM480 320C480 293.5 501.5 272 528 272C554.5 272 576 293.5 576 320C576 346.5 554.5 368 528 368C501.5 368 480 346.5 480 320zM139 433.1C157.8 414.3 188.1 414.3 206.9 433.1C225.7 451.9 225.7 482.2 206.9 501C188.1 519.8 157.8 519.8 139 501C120.2 482.2 120.2 451.9 139 433.1zM139 139C157.8 120.2 188.1 120.2 206.9 139C225.7 157.8 225.7 188.1 206.9 206.9C188.1 225.7 157.8 225.7 139 206.9C120.2 188.1 120.2 157.8 139 139zM501 433.1C519.8 451.9 519.8 482.2 501 501C482.2 519.8 451.9 519.8 433.1 501C414.3 482.2 414.3 451.9 433.1 433.1C451.9 414.3 482.2 414.3 501 433.1z\"><\/path><\/svg><\/div><\/div>\n<\/div><\/div>\n<\/div><\/section><\/div>\n<input type=\"hidden\" name=\"trp-form-language\" value=\"en\"\/><\/form>\n<\/div><\/div>\n<\/div><\/section><\/div>\n\n\n\n<div class=\"section-wrapper\" data-id=\"JBuyA4\"><section class=\"wp-block-gutenverse-section guten-element guten-section guten-JBuyA4 layout-fullwidth align-stretch\"><div class=\"guten-container guten-column-gap-no\">\n<div class=\"wp-block-gutenverse-column guten-element guten-column guten-VsOPNy\"><div class=\"guten-column-wrapper\" data-id=\"VsOPNy\">\n<div class=\"guten-element gutenverse-maps guten-maps guten-M3P8H2\" data-src=\"https:\/\/maps.google.com\/maps?q=Sarajevo&amp;z=18&amp;t=m&amp;output=embed&amp;iwloc=near\"><iframe frameborder=\"0\" scrolling=\"no\" marginheight=\"0\" marginwidth=\"0\" src=\"\" title=\"Sarajevo\"><\/iframe><\/div>\n<\/div><\/div>\n<\/div><\/section><\/div>\n\n\n\n<div class=\"section-wrapper\" data-id=\"46GDJ8\"><section class=\"wp-block-gutenverse-section guten-element guten-section guten-46GDJ8 layout-boxed align-stretch\"><div class=\"guten-container guten-column-gap-no\">\n<div class=\"wp-block-gutenverse-column guten-element guten-column guten-D1KqBi\"><div class=\"guten-column-wrapper\" data-id=\"D1KqBi\">\n<div class=\"section-wrapper\" data-id=\"h3sMOJ\"><section class=\"wp-block-gutenverse-section guten-element guten-section guten-h3sMOJ layout-boxed align-stretch\"><div class=\"guten-container guten-column-gap-no\">\n<div class=\"wp-block-gutenverse-column guten-element guten-column guten-iOk9yH\"><div class=\"guten-column-wrapper\" data-id=\"iOk9yH\">\n<div class=\"wp-block-gutenverse-image guten-element guten-image guten-NEldY4\"><div class=\"guten-image-wrapper\"><img fetchpriority=\"high\" decoding=\"async\" class=\"gutenverse-image-box-filled\" src=\"https:\/\/sigurnazona.ba\/wp-content\/uploads\/2025\/11\/sigurna-zona-logo-removebg-preview.png\" height=\"362\" width=\"690\"\/><\/div><\/div>\n<\/div><\/div>\n\n\n\n<div class=\"wp-block-gutenverse-column guten-element guten-column guten-CmYHqe\"><div class=\"guten-column-wrapper\" data-id=\"CmYHqe\">\n<div class=\"guten-element guten-social-icons guten-GXv5aV circle horizontal fill\">\n<div class=\"guten-element guten-social-icon guten-WJdkOg twitter\"><a id=\"guten-WJdkOg\" href=\"#\"><i class=\"fab fa-x-twitter\"><\/i><\/a><\/div>\n\n\n\n<div class=\"guten-element guten-social-icon guten-Wgn3QI facebook\"><a id=\"guten-Wgn3QI\" href=\"#\"><i class=\"fab fa-facebook-f\"><\/i><\/a><\/div>\n\n\n\n<div class=\"guten-element guten-social-icon guten-2oa1qp instagram\"><a id=\"guten-2oa1qp\" href=\"#\"><i class=\"fab fa-instagram\"><\/i><\/a><\/div>\n\n\n\n<div class=\"guten-element guten-social-icon guten-5MTpy8 youtube\"><a id=\"guten-5MTpy8\" href=\"#\"><i class=\"fab fa-youtube\"><\/i><\/a><\/div>\n<\/div>\n<\/div><\/div>\n<\/div><\/section><\/div>\n<\/div><\/div>\n<\/div><\/section><\/div>","protected":false},"excerpt":{"rendered":"","protected":false},"author":1,"featured_media":0,"parent":0,"menu_order":0,"comment_status":"closed","ping_status":"closed","template":"blank-canvas","meta":{"footnotes":""},"class_list":["post-76","page","type-page","status-publish","hentry"],"_hostinger_reach_plugin_has_subscription_block":false,"_hostinger_reach_plugin_is_elementor":false,"_links":{"self":[{"href":"https:\/\/sigurnazona.ba\/en\/wp-json\/wp\/v2\/pages\/76","targetHints":{"allow":["GET"]}}],"collection":[{"href":"https:\/\/sigurnazona.ba\/en\/wp-json\/wp\/v2\/pages"}],"about":[{"href":"https:\/\/sigurnazona.ba\/en\/wp-json\/wp\/v2\/types\/page"}],"author":[{"embeddable":true,"href":"https:\/\/sigurnazona.ba\/en\/wp-json\/wp\/v2\/users\/1"}],"replies":[{"embeddable":true,"href":"https:\/\/sigurnazona.ba\/en\/wp-json\/wp\/v2\/comments?post=76"}],"version-history":[{"count":7,"href":"https:\/\/sigurnazona.ba\/en\/wp-json\/wp\/v2\/pages\/76\/revisions"}],"predecessor-version":[{"id":402,"href":"https:\/\/sigurnazona.ba\/en\/wp-json\/wp\/v2\/pages\/76\/revisions\/402"}],"wp:attachment":[{"href":"https:\/\/sigurnazona.ba\/en\/wp-json\/wp\/v2\/media?parent=76"}],"curies":[{"name":"wp","href":"https:\/\/api.w.org\/{rel}","templated":true}]}}