{"id":74,"date":"2025-11-11T14:41:28","date_gmt":"2025-11-11T14:41:28","guid":{"rendered":"https:\/\/sigurnazona.ba\/faq\/"},"modified":"2026-01-10T14:28:57","modified_gmt":"2026-01-10T14:28:57","slug":"faq","status":"publish","type":"page","link":"https:\/\/sigurnazona.ba\/en\/faq\/","title":{"rendered":"FAQ"},"content":{"rendered":"<div class=\"section-wrapper\" data-id=\"uzUJgx\"><section class=\"wp-block-gutenverse-section guten-element guten-section guten-uzUJgx layout-boxed align-stretch\"><div class=\"guten-container guten-column-gap-no\">\n<div class=\"wp-block-gutenverse-column guten-element guten-column guten-YKNDb4\"><div class=\"guten-column-wrapper\" data-id=\"YKNDb4\">\n<div class=\"wp-block-gutenverse-image guten-element guten-image guten-6D2zku\"><a class=\"guten-image-wrapper\" href=\"https:\/\/sigurnazona.ba\/en\/\"><img fetchpriority=\"high\" decoding=\"async\" class=\"gutenverse-image-box-filled\" src=\"https:\/\/sigurnazona.ba\/wp-content\/uploads\/2025\/11\/sigurna-zona-logo-removebg-preview.png\" height=\"362\" width=\"690\"\/><\/a><\/div>\n<\/div><\/div>\n\n\n\n<div class=\"wp-block-gutenverse-column guten-element guten-column guten-PFEezo\"><div class=\"guten-column-wrapper\" data-id=\"PFEezo\"><div id=\"guten-oLalE4\" class=\"guten-element guten-nav-menu nav-menu break-point-tablet submenu-click-title\" data-item-indicator=\"gtn gtn-angle-down-solid\" data-item-indicator-type=\"icon\" data-item-indicator-svg=\"\" data-close-on-click=\"1\">\n\t\t\t<div class=\"gutenverse-hamburger-wrapper\">\n\t\t\t\t<button class=\"gutenverse-hamburger-menu\" aria-label=\"\">\n\t\t\t\t<i aria-hidden=\"true\" class=\"fas fa-bars\"><\/i>\n\t\t\t\t<\/button>\n\t\t\t<\/div>\n\t\t\t\n\t\t\t<div class=\"gutenverse-menu-wrapper\"><div class=\"gutenverse-menu-container\"><ul id=\"menu-cryptiva-1\" class=\"gutenverse-menu\"><li id=\"menu-item-41\" class=\"menu-item-41  menu-item menu-item-type-custom menu-item-object-custom\"><a aria-label=\"Po\u010detna\" href=\"javascript:void(0);\" data-href=\"https:\/\/sigurnazona.ba\/\">Po\u010detna<\/a><\/li>\n<li id=\"menu-item-42\" class=\"menu-item-42  menu-item menu-item-type-custom menu-item-object-custom\"><a aria-label=\"O nama\" href=\"javascript:void(0);\" data-href=\"https:\/\/sigurnazona.ba\/about\/\">O nama<\/a><\/li>\n<li id=\"menu-item-261\" class=\"menu-item-261  menu-item menu-item-type-post_type menu-item-object-page\"><a aria-label=\"Alati i resursi\" href=\"javascript:void(0);\" data-href=\"https:\/\/sigurnazona.ba\/en\/tools-and-resources\/\">Alati i resursi<\/a><\/li>\n<li id=\"menu-item-258\" class=\"menu-item-258  menu-item menu-item-type-post_type menu-item-object-page\"><a aria-label=\"Glossary\" href=\"javascript:void(0);\" data-href=\"https:\/\/sigurnazona.ba\/en\/glossary-2\/\">Glossary<\/a><\/li>\n<li id=\"menu-item-330\" class=\"menu-item-330  menu-item menu-item-type-taxonomy menu-item-object-category\"><a aria-label=\"Aktualno\" href=\"javascript:void(0);\" data-href=\"https:\/\/sigurnazona.ba\/en\/category\/aktualno\/\">Aktualno<\/a><\/li>\n<li id=\"menu-item-260\" class=\"menu-item-260  menu-item menu-item-type-post_type menu-item-object-page\"><a aria-label=\"FAQ\" href=\"javascript:void(0);\" data-href=\"https:\/\/sigurnazona.ba\/en\/faq\/\">FAQ<\/a><\/li>\n<li id=\"menu-item-259\" class=\"menu-item-259  menu-item menu-item-type-post_type menu-item-object-page\"><a aria-label=\"Kontakt\" href=\"javascript:void(0);\" data-href=\"https:\/\/sigurnazona.ba\/en\/contact\/\">Kontakt<\/a><\/li>\n<\/ul><\/div>\n\t\t\t\t<div>\n\t\t\t\t\t<div class=\"gutenverse-nav-identity-panel\">\n\t\t\t\t\t\t<div class=\"gutenverse-nav-site-title\">\n\t\t\t\t\t\t\t<a href=\"https:\/\/sigurnazona.ba\/en\" class=\"gutenverse-nav-logo\"><img decoding=\"async\" src=\"https:\/\/sigurnazona.ba\/wp-content\/uploads\/2025\/11\/sigurna-zona-logo-removebg-preview.png\" alt=\"Sigurna zona - \" width=\"690\" height=\"362\"><\/a>\n\t\t\t\t\t\t<\/div>\n\t\t\t\t\t\t<button class=\"gutenverse-close-menu\" aria-label=\"\"><i aria-hidden=\"true\" class=\"fas fa-times\"><\/i><\/button>\n\t\t\t\t\t<\/div>\n\t\t\t\t<\/div>\n\t\t\t<\/div>\n\t\t<\/div><\/div><\/div>\n\n\n\n<div class=\"wp-block-gutenverse-column guten-element guten-column guten-Ba9r5f hide-tablet hide-mobile\"><div class=\"guten-column-wrapper\" data-id=\"Ba9r5f\">\n<div class=\"guten-element guten-button-wrapper guten-GqIXs8 hide-tablet hide-mobile\"><a class=\"guten-button guten-button-sm\" href=\"https:\/\/sigurnazona.ba\/en\/contact\/\"><span>Contact Us<\/span><\/a><\/div>\n<\/div><\/div>\n<\/div><\/section><\/div>\n\n\n\n<div class=\"section-wrapper\" data-id=\"l9eAOZ\"><section class=\"wp-block-gutenverse-section guten-element guten-section guten-l9eAOZ layout-boxed align-stretch\"><div class=\"guten-background-overlay\"><\/div><div class=\"guten-container guten-column-gap-default\">\n<div class=\"wp-block-gutenverse-column guten-element guten-column guten-lb155a\"><div class=\"guten-column-wrapper\" data-id=\"lb155a\">\n<h2 class=\"wp-block-gutenverse-heading guten-element guten-w6yrVh\">FAQ<\/h2>\n\n\n\n<div class=\"guten-element gutenverse-text-editor guten-PKVMHC\"><div class=\"text-content-inner\">\n<p>Na ovoj stranici prona\u0107i \u0107ete odgovore na naj\u010de\u0161\u0107e postavljana pitanja o na\u0161im uslugama, alatima i sigurnosnim resursima. Cilj je da vam brzo i jasno pru\u017eimo informacije koje trebate, bez potrebe da nas dodatno kontaktirate.<\/p>\n<\/div><\/div>\n<\/div><\/div>\n<\/div><\/section><\/div>\n\n\n\n<div class=\"section-wrapper\" data-id=\"rqopaN\"><section class=\"wp-block-gutenverse-section guten-element guten-section guten-rqopaN layout-boxed align-stretch\"><div class=\"guten-container guten-column-gap-default\">\n<div class=\"wp-block-gutenverse-column guten-element guten-column guten-Mj2VMJ\"><div class=\"guten-column-wrapper\" data-id=\"Mj2VMJ\">\n<h5 class=\"wp-block-gutenverse-heading guten-element guten-GvNOK5\">FAQ<\/h5>\n\n\n\n<h2 class=\"wp-block-gutenverse-heading guten-element guten-zQMS0Y\">Generalna pitanja<\/h2>\n\n\n\n<div class=\"section-wrapper\" data-id=\"5oUuYx\"><section class=\"wp-block-gutenverse-section guten-element guten-section guten-5oUuYx layout-boxed align-stretch\"><div class=\"guten-container guten-column-gap-no\">\n<div class=\"wp-block-gutenverse-column guten-element guten-column guten-BcLpBa\"><div class=\"guten-column-wrapper\" data-id=\"BcLpBa\">\n<div class=\"guten-element guten-accordions-wrapper\"><div class=\"guten-accordions guten-cTBZni\">\n<div class=\"accordion-item guten-xZ4kjK\"><div class=\"accordion-heading\"><span class=\"accordion-text\">\u0160ta je cyber sigurnost i za\u0161to je va\u017ena?<\/span><div class=\"accordion-icon\"><span class=\"accordion-icon-open\"><i class=\"fas fa-angle-up\"><\/i><\/span><span class=\"accordion-icon-closed\"><i class=\"fas fa-angle-down\"><\/i><\/span><\/div><\/div><div class=\"accordion-body\"><div class=\"accordion-content\">\n<p>Cyber sigurnost obuhvata za\u0161titu sistema, mre\u017ea i podataka od digitalnih napada, neovla\u0161tenog pristupa i zloupotrebe. Ona je klju\u010dna jer savremeno poslovanje zavisi od digitalne infrastrukture, a cyber prijetnje mogu uzrokovati finansijske gubitke, prekide rada i naru\u0161avanje reputacije.<\/p>\n<\/div><\/div><\/div>\n\n\n\n<div class=\"accordion-item guten-vGDysh\"><div class=\"accordion-heading\"><span class=\"accordion-text\">Koje vrste cyber prijetnji su danas naj\u010de\u0161\u0107e?<\/span><div class=\"accordion-icon\"><span class=\"accordion-icon-open\"><i class=\"fas fa-angle-up\"><\/i><\/span><span class=\"accordion-icon-closed\"><i class=\"fas fa-angle-down\"><\/i><\/span><\/div><\/div><div class=\"accordion-body\"><div class=\"accordion-content\">\n<p>Naj\u010de\u0161\u0107e cyber prijetnje uklju\u010duju phishing napade, malware i ransomware, kra\u0111u identiteta, DDoS napade i neovla\u0161teni pristup sistemima. Prijetnje se stalno razvijaju, zbog \u010dega je kontinuirana za\u0161tita neophodna.<\/p>\n<\/div><\/div><\/div>\n\n\n\n<div class=\"accordion-item guten-ve0BxN active\"><div class=\"accordion-heading\"><span class=\"accordion-text\">Kako mogu za\u0161tititi svoju organizaciju od cyber napada?<\/span><div class=\"accordion-icon\"><span class=\"accordion-icon-open\"><i class=\"fas fa-angle-up\"><\/i><\/span><span class=\"accordion-icon-closed\"><i class=\"fas fa-angle-down\"><\/i><\/span><\/div><\/div><div class=\"accordion-body\"><div class=\"accordion-content\">\n<p>Za\u0161tita se posti\u017ee kombinacijom tehni\u010dkih rje\u0161enja (firewall, antivirus, enkripcija), sigurnosnih politika, redovnih a\u017euriranja sistema i edukacije zaposlenika o sigurnom pona\u0161anju na internetu.<\/p>\n<\/div><\/div><\/div>\n<\/div><\/div>\n<\/div><\/div>\n\n\n\n<div class=\"wp-block-gutenverse-column guten-element guten-column guten-2Yp5Wt\"><div class=\"guten-column-wrapper\" data-id=\"2Yp5Wt\">\n<div class=\"guten-element guten-accordions-wrapper\"><div class=\"guten-accordions guten-lBf3fP\">\n<div class=\"accordion-item guten-ZXXAIb\"><div class=\"accordion-heading\"><span class=\"accordion-text\">Da li su mala i srednja preduze\u0107a izlo\u017eena cyber napadima?<\/span><div class=\"accordion-icon\"><span class=\"accordion-icon-open\"><i class=\"fas fa-angle-up\"><\/i><\/span><span class=\"accordion-icon-closed\"><i class=\"fas fa-angle-down\"><\/i><\/span><\/div><\/div><div class=\"accordion-body\"><div class=\"accordion-content\">\n<p>Da. Mala i srednja preduze\u0107a su \u010desto meta napada jer imaju ograni\u010dene sigurnosne resurse. Implementacija osnovnih sigurnosnih mjera i redovan nadzor mogu zna\u010dajno smanjiti rizik.<\/p>\n<\/div><\/div><\/div>\n\n\n\n<div class=\"accordion-item guten-fFn58C\"><div class=\"accordion-heading\"><span class=\"accordion-text\">\u0160ta je enkripcija i kako \u0161titi podatke?<\/span><div class=\"accordion-icon\"><span class=\"accordion-icon-open\"><i class=\"fas fa-angle-up\"><\/i><\/span><span class=\"accordion-icon-closed\"><i class=\"fas fa-angle-down\"><\/i><\/span><\/div><\/div><div class=\"accordion-body\"><div class=\"accordion-content\">\n<p>Enkripcija je proces pretvaranja podataka u ne\u010ditljiv oblik koji mogu pro\u010ditati samo ovla\u0161tene osobe s odgovaraju\u0107im klju\u010dem. Ona \u0161titi osjetljive informacije tokom prijenosa i pohrane.<\/p>\n<\/div><\/div><\/div>\n\n\n\n<div class=\"accordion-item guten-cG2ONd active\"><div class=\"accordion-heading\"><span class=\"accordion-text\">Kako prepoznati phishing napad?<\/span><div class=\"accordion-icon\"><span class=\"accordion-icon-open\"><i class=\"fas fa-angle-up\"><\/i><\/span><span class=\"accordion-icon-closed\"><i class=\"fas fa-angle-down\"><\/i><\/span><\/div><\/div><div class=\"accordion-body\"><div class=\"accordion-content\">\n<p>Phishing napadi se naj\u010de\u0161\u0107e prepoznaju po sumnjivim email porukama, la\u017enim linkovima, nepoznatim po\u0161iljaocima i hitnim zahtjevima za dijeljenje li\u010dnih ili pristupnih podataka. Edukacija korisnika je klju\u010dna u njihovom prepoznavanju.<\/p>\n<\/div><\/div><\/div>\n<\/div><\/div>\n<\/div><\/div>\n<\/div><\/section><\/div>\n<\/div><\/div>\n<\/div><\/section><\/div>\n\n\n\n<div class=\"section-wrapper\" data-id=\"DWfIVZ\"><section class=\"wp-block-gutenverse-section guten-element guten-section guten-DWfIVZ layout-boxed align-stretch\"><div class=\"guten-background-overlay\"><\/div><div class=\"guten-container guten-column-gap-default\">\n<div class=\"wp-block-gutenverse-column guten-element guten-column guten-p5wX3Y animated guten-element-hide desktop-fadeInUp\"><div class=\"guten-column-wrapper\" data-id=\"p5wX3Y\">\n<h2 class=\"wp-block-gutenverse-heading guten-element guten-QgCm3S\">Zelis da saznas jos vise?<\/h2>\n\n\n\n<div class=\"guten-element gutenverse-text-editor guten-x1fVjJ\"><div class=\"text-content-inner\">\n<p>Preuzmi na\u0161e besplatne edukativne materijale i saznaj kako da se za\u0161titi\u0161 od savremenih cyber prijetnji. Vodi\u010di, checkliste i prakti\u010dni resursi pomo\u0107i \u0107e ti da unaprijedi\u0161 sigurnost svojih sistema i stekne\u0161 osnovna znanja iz oblasti cyber sigurnosti \u2014 brzo, jasno i potpuno besplatno.<\/p>\n<\/div><\/div>\n\n\n\n<div class=\"guten-element guten-button-wrapper guten-DJETJ8\"><a class=\"guten-button guten-button-sm\" href=\"https:\/\/sigurnazona.ba\/en\/tools-and-resources\/\"><span>PREUZMI BESPLATNE MATERIJALE<\/span><\/a><\/div>\n<\/div><\/div>\n<\/div><\/section><\/div>\n\n\n\n<div class=\"section-wrapper\" data-id=\"46GDJ8\"><section class=\"wp-block-gutenverse-section guten-element guten-section guten-46GDJ8 layout-boxed align-stretch\"><div class=\"guten-container guten-column-gap-no\">\n<div class=\"wp-block-gutenverse-column guten-element guten-column guten-D1KqBi\"><div class=\"guten-column-wrapper\" data-id=\"D1KqBi\">\n<div class=\"section-wrapper\" data-id=\"h3sMOJ\"><section class=\"wp-block-gutenverse-section guten-element guten-section guten-h3sMOJ layout-boxed align-stretch\"><div class=\"guten-container guten-column-gap-no\">\n<div class=\"wp-block-gutenverse-column guten-element guten-column guten-iOk9yH\"><div class=\"guten-column-wrapper\" data-id=\"iOk9yH\">\n<div class=\"wp-block-gutenverse-image guten-element guten-image guten-NEldY4\"><div class=\"guten-image-wrapper\"><img fetchpriority=\"high\" decoding=\"async\" class=\"gutenverse-image-box-filled\" src=\"https:\/\/sigurnazona.ba\/wp-content\/uploads\/2025\/11\/sigurna-zona-logo-removebg-preview.png\" height=\"362\" width=\"690\"\/><\/div><\/div>\n<\/div><\/div>\n\n\n\n<div class=\"wp-block-gutenverse-column guten-element guten-column guten-CmYHqe\"><div class=\"guten-column-wrapper\" data-id=\"CmYHqe\">\n<div class=\"guten-element guten-social-icons guten-GXv5aV circle horizontal fill\">\n<div class=\"guten-element guten-social-icon guten-WJdkOg twitter\"><a id=\"guten-WJdkOg\" href=\"#\"><i class=\"fab fa-x-twitter\"><\/i><\/a><\/div>\n\n\n\n<div class=\"guten-element guten-social-icon guten-Wgn3QI facebook\"><a id=\"guten-Wgn3QI\" href=\"#\"><i class=\"fab fa-facebook-f\"><\/i><\/a><\/div>\n\n\n\n<div class=\"guten-element guten-social-icon guten-2oa1qp instagram\"><a id=\"guten-2oa1qp\" href=\"#\"><i class=\"fab fa-instagram\"><\/i><\/a><\/div>\n\n\n\n<div class=\"guten-element guten-social-icon guten-5MTpy8 youtube\"><a id=\"guten-5MTpy8\" href=\"#\"><i class=\"fab fa-youtube\"><\/i><\/a><\/div>\n<\/div>\n<\/div><\/div>\n<\/div><\/section><\/div>\n<\/div><\/div>\n<\/div><\/section><\/div>","protected":false},"excerpt":{"rendered":"","protected":false},"author":1,"featured_media":0,"parent":0,"menu_order":0,"comment_status":"closed","ping_status":"closed","template":"blank-canvas","meta":{"footnotes":""},"class_list":["post-74","page","type-page","status-publish","hentry"],"_hostinger_reach_plugin_has_subscription_block":false,"_hostinger_reach_plugin_is_elementor":false,"_links":{"self":[{"href":"https:\/\/sigurnazona.ba\/en\/wp-json\/wp\/v2\/pages\/74","targetHints":{"allow":["GET"]}}],"collection":[{"href":"https:\/\/sigurnazona.ba\/en\/wp-json\/wp\/v2\/pages"}],"about":[{"href":"https:\/\/sigurnazona.ba\/en\/wp-json\/wp\/v2\/types\/page"}],"author":[{"embeddable":true,"href":"https:\/\/sigurnazona.ba\/en\/wp-json\/wp\/v2\/users\/1"}],"replies":[{"embeddable":true,"href":"https:\/\/sigurnazona.ba\/en\/wp-json\/wp\/v2\/comments?post=74"}],"version-history":[{"count":4,"href":"https:\/\/sigurnazona.ba\/en\/wp-json\/wp\/v2\/pages\/74\/revisions"}],"predecessor-version":[{"id":299,"href":"https:\/\/sigurnazona.ba\/en\/wp-json\/wp\/v2\/pages\/74\/revisions\/299"}],"wp:attachment":[{"href":"https:\/\/sigurnazona.ba\/en\/wp-json\/wp\/v2\/media?parent=74"}],"curies":[{"name":"wp","href":"https:\/\/api.w.org\/{rel}","templated":true}]}}