{"id":59,"date":"2025-11-11T14:41:21","date_gmt":"2025-11-11T14:41:21","guid":{"rendered":"https:\/\/sigurnazona.ba\/about\/"},"modified":"2026-02-11T00:20:52","modified_gmt":"2026-02-11T00:20:52","slug":"about","status":"publish","type":"page","link":"https:\/\/sigurnazona.ba\/en\/about\/","title":{"rendered":"About"},"content":{"rendered":"<div data-elementor-type=\"wp-page\" data-elementor-id=\"59\" class=\"elementor elementor-59\">\n\t\t\t\t<div class=\"elementor-element elementor-element-2dca9d47 e-flex e-con-boxed e-con e-parent\" data-id=\"2dca9d47\" data-element_type=\"container\">\n\t\t\t\t\t<div class=\"e-con-inner\">\n\t\t\t\t<div class=\"elementor-element elementor-element-3cfecfd4 elementor-widget elementor-widget-text-editor\" data-id=\"3cfecfd4\" data-element_type=\"widget\" data-widget_type=\"text-editor.default\">\n\t\t\t\t\t\t\t\t\t<p>\n<div class=\"section-wrapper\" data-id=\"uzUJgx\"><section class=\"wp-block-gutenverse-section guten-element guten-section guten-uzUJgx layout-boxed align-stretch\"><div class=\"guten-container guten-column-gap-no\">\n<div class=\"wp-block-gutenverse-column guten-element guten-column guten-YKNDb4\"><div class=\"guten-column-wrapper\" data-id=\"YKNDb4\">\n<div class=\"wp-block-gutenverse-image guten-element guten-image guten-6D2zku\"><a class=\"guten-image-wrapper\" href=\"https:\/\/sigurnazona.ba\/en\/\"><img fetchpriority=\"high\" decoding=\"async\" class=\"gutenverse-image-box-filled\" src=\"https:\/\/sigurnazona.ba\/wp-content\/uploads\/2025\/11\/sigurna-zona-logo-removebg-preview.png\" height=\"362\" width=\"690\"\/><\/a><\/div>\n<\/div><\/div>\n\n\n\n<div class=\"wp-block-gutenverse-column guten-element guten-column guten-PFEezo\"><div class=\"guten-column-wrapper\" data-id=\"PFEezo\"><div id=\"guten-oLalE4\" class=\"guten-element guten-nav-menu nav-menu break-point-tablet submenu-click-title\" data-item-indicator=\"gtn gtn-angle-down-solid\" data-item-indicator-type=\"icon\" data-item-indicator-svg=\"\" data-close-on-click=\"1\">\n\t\t\t<div class=\"gutenverse-hamburger-wrapper\">\n\t\t\t\t<button class=\"gutenverse-hamburger-menu\" aria-label=\"\">\n\t\t\t\t<i aria-hidden=\"true\" class=\"fas fa-bars\"><\/i>\n\t\t\t\t<\/button>\n\t\t\t<\/div>\n\t\t\t\n\t\t\t<div class=\"gutenverse-menu-wrapper\"><div class=\"gutenverse-menu-container\"><ul id=\"menu-cryptiva-2\" class=\"gutenverse-menu\"><li id=\"menu-item-41\" class=\"menu-item-41  menu-item menu-item-type-custom menu-item-object-custom\"><a aria-label=\"Po\u010detna\" href=\"javascript:void(0);\" data-href=\"https:\/\/sigurnazona.ba\/\">Po\u010detna<\/a><\/li>\n<li id=\"menu-item-42\" class=\"menu-item-42  menu-item menu-item-type-custom menu-item-object-custom\"><a aria-label=\"O nama\" href=\"javascript:void(0);\" data-href=\"https:\/\/sigurnazona.ba\/about\/\">O nama<\/a><\/li>\n<li id=\"menu-item-261\" class=\"menu-item-261  menu-item menu-item-type-post_type menu-item-object-page\"><a aria-label=\"Alati i resursi\" href=\"javascript:void(0);\" data-href=\"https:\/\/sigurnazona.ba\/en\/tools-and-resources\/\">Alati i resursi<\/a><\/li>\n<li id=\"menu-item-258\" class=\"menu-item-258  menu-item menu-item-type-post_type menu-item-object-page\"><a aria-label=\"Glossary\" href=\"javascript:void(0);\" data-href=\"https:\/\/sigurnazona.ba\/en\/glossary-2\/\">Glossary<\/a><\/li>\n<li id=\"menu-item-330\" class=\"menu-item-330  menu-item menu-item-type-taxonomy menu-item-object-category\"><a aria-label=\"Aktualno\" href=\"javascript:void(0);\" data-href=\"https:\/\/sigurnazona.ba\/en\/category\/aktualno\/\">Aktualno<\/a><\/li>\n<li id=\"menu-item-260\" class=\"menu-item-260  menu-item menu-item-type-post_type menu-item-object-page\"><a aria-label=\"FAQ\" href=\"javascript:void(0);\" data-href=\"https:\/\/sigurnazona.ba\/en\/faq\/\">FAQ<\/a><\/li>\n<li id=\"menu-item-259\" class=\"menu-item-259  menu-item menu-item-type-post_type menu-item-object-page\"><a aria-label=\"Kontakt\" href=\"javascript:void(0);\" data-href=\"https:\/\/sigurnazona.ba\/en\/contact\/\">Kontakt<\/a><\/li>\n<\/ul><\/div>\n\t\t\t\t<div>\n\t\t\t\t\t<div class=\"gutenverse-nav-identity-panel\">\n\t\t\t\t\t\t<div class=\"gutenverse-nav-site-title\">\n\t\t\t\t\t\t\t<a href=\"https:\/\/sigurnazona.ba\/en\" class=\"gutenverse-nav-logo\"><img decoding=\"async\" src=\"https:\/\/sigurnazona.ba\/wp-content\/uploads\/2025\/11\/sigurna-zona-logo-removebg-preview.png\" alt=\"Sigurna zona - \" width=\"690\" height=\"362\"><\/a>\n\t\t\t\t\t\t<\/div>\n\t\t\t\t\t\t<button class=\"gutenverse-close-menu\" aria-label=\"\"><i aria-hidden=\"true\" class=\"fas fa-times\"><\/i><\/button>\n\t\t\t\t\t<\/div>\n\t\t\t\t<\/div>\n\t\t\t<\/div>\n\t\t<\/div><\/div><\/div>\n\n\n\n<div class=\"wp-block-gutenverse-column guten-element guten-column guten-Ba9r5f hide-tablet hide-mobile\"><div class=\"guten-column-wrapper\" data-id=\"Ba9r5f\">\n<div class=\"guten-element guten-button-wrapper guten-GqIXs8 hide-tablet hide-mobile\"><a class=\"guten-button guten-button-sm\" href=\"https:\/\/sigurnazona.ba\/en\/contact\/\"><span>Contact Us<\/span><\/a><\/div>\n<\/div><\/div>\n<\/div><\/section><\/div>\n<\/p>\n<p><\/p>\n<div class=\"section-wrapper\" data-id=\"aWj3Se\">\n<section class=\"wp-block-gutenverse-section guten-element guten-section guten-aWj3Se layout-boxed align-stretch\">\n<div class=\"guten-background-overlay\">&nbsp;<\/div>\n<div class=\"guten-container guten-column-gap-default\"><p><\/p>\n<div class=\"wp-block-gutenverse-column guten-element guten-column guten-xnCyhD\">\n<div class=\"guten-column-wrapper\" data-id=\"xnCyhD\"><p><\/p>\n<h2 class=\"wp-block-gutenverse-heading guten-element guten-P56jAS\">O nama<\/h2>\n<p><\/p>\n<div class=\"guten-element gutenverse-text-editor guten-VbA7Gj\">\n<div class=\"text-content-inner\"><p><\/p>\n<p>Projekat koji finansira Vlada Ujedinjenog Kraljevstva, a implementira TAG International kao dio Projekta Cyber Sigurnosti Zapadnog Balkana. Cilj je pomo\u0107i organizacijama civilnog dru\u0161tva da se za\u0161tite od online-prijetnji kroz besplatne alate i resurse.<\/p>\n<p><\/p><\/div>\n<\/div>\n<p><\/p><\/div>\n<\/div>\n<p><\/p><\/div>\n<\/section>\n<\/div>\n<p><\/p>\n<div class=\"section-wrapper\" data-id=\"N9byb6\">\n<section class=\"wp-block-gutenverse-section guten-element guten-section guten-N9byb6 layout-boxed align-stretch\">\n<div class=\"guten-container guten-column-gap-no\"><p><\/p>\n<div class=\"wp-block-gutenverse-column guten-element guten-column guten-OoJA9K animated guten-element-hide desktop-fadeInUp\">\n<div class=\"guten-column-wrapper\" data-id=\"OoJA9K\"><p><\/p>\n<div class=\"guten-element guten-9qjzHf guten-icon-box icon-position-left\">\n<div class=\"guten-icon-box-wrapper hover-from-left\">\n<div class=\"icon-box icon-box-header\">\n<div class=\"icon bg-style-color type-image\"><img decoding=\"async\" src=\"https:\/\/sigurnazona.ba\/wp-content\/uploads\/2025\/11\/security-1.png\"><\/div>\n<\/div>\n<div class=\"icon-box icon-box-body\">\n<h3 class=\"title\">Sigurnost<\/h3>\n<\/div>\n<\/div>\n<\/div>\n<p><\/p>\n<div class=\"guten-element gutenverse-text-editor guten-96Wio9\">\n<div class=\"text-content-inner\"><p><\/p>\n<p>Sigurnost obuhvata skup mjera, procesa i tehnologija kojima se \u0161tite informacijski sistemi, mre\u017ee i podaci od neovla\u0161tenog pristupa, zloupotrebe, gubitka ili cyber napada<\/p>\n<p><\/p><\/div>\n<\/div>\n<p><\/p><\/div>\n<\/div>\n<p><\/p>\n<div class=\"wp-block-gutenverse-column guten-element guten-column guten-OYX59Y animated guten-element-hide desktop-fadeInUp\">\n<div class=\"guten-column-wrapper\" data-id=\"OYX59Y\"><p><\/p>\n<div class=\"guten-element guten-k1FtTk guten-icon-box icon-position-left\">\n<div class=\"guten-icon-box-wrapper hover-from-left\">\n<div class=\"icon-box icon-box-header\">\n<div class=\"icon bg-style-color type-image\"><img decoding=\"async\" src=\"https:\/\/sigurnazona.ba\/wp-content\/uploads\/2025\/11\/privacy.png\"><\/div>\n<\/div>\n<div class=\"icon-box icon-box-body\">\n<h3 class=\"title\">Za\u0161tita podataka<\/h3>\n<\/div>\n<\/div>\n<\/div>\n<p><\/p>\n<div class=\"guten-element gutenverse-text-editor guten-WKaTts\">\n<div class=\"text-content-inner\"><p><\/p>\n<p>Za\u0161tita podataka podrazumijeva postupke i standarde koji \u0161tite li\u010dne i osjetljive informacije od curenja, kra\u0111e, neovla\u0161tenog kori\u0161tenja i gubitka<\/p>\n<p><\/p><\/div>\n<\/div>\n<p><\/p><\/div>\n<\/div>\n<p><\/p>\n<div class=\"wp-block-gutenverse-column guten-element guten-column guten-okh3Ax animated guten-element-hide desktop-fadeInUp\">\n<div class=\"guten-column-wrapper\" data-id=\"okh3Ax\"><p><\/p>\n<div class=\"guten-element guten-2Hkzd5 guten-icon-box icon-position-left\">\n<div class=\"guten-icon-box-wrapper hover-from-left\">\n<div class=\"icon-box icon-box-header\">\n<div class=\"icon bg-style-color type-image\"><img decoding=\"async\" src=\"https:\/\/sigurnazona.ba\/wp-content\/uploads\/2025\/11\/certified-industry.png\"><\/div>\n<\/div>\n<div class=\"icon-box icon-box-body\">\n<h3 class=\"title\">Certificiran partner<\/h3>\n<\/div>\n<\/div>\n<\/div>\n<p><\/p>\n<div class=\"guten-element gutenverse-text-editor guten-YfZno7\">\n<div class=\"text-content-inner\"><p><\/p>\n<p>Certificiran partner je organizacija koja je slu\u017ebeno ovla\u0161tena i potvr\u0111ena od strane proizvo\u0111a\u010da ili institucije da implementira, odr\u017eava ili pru\u017ea podr\u0161ku njihovim rje\u0161enjima.<\/p>\n<p><\/p><\/div>\n<\/div>\n<p><\/p><\/div>\n<\/div>\n<p><\/p><\/div>\n<\/section>\n<\/div>\n<p><\/p>\n<div class=\"section-wrapper\" data-id=\"5tgzei\">\n<section class=\"wp-block-gutenverse-section guten-element guten-section guten-5tgzei layout-fullwidth align-stretch\">\n<div class=\"guten-container guten-column-gap-no\"><p><\/p>\n<div class=\"wp-block-gutenverse-column guten-element guten-column guten-W1PwfC\">\n<div class=\"guten-column-wrapper\" data-id=\"W1PwfC\">\n<div class=\"guten-background-overlay\">&nbsp;<\/div>\n<p><\/p>\n<div class=\"guten-element guten-spacer guten-X0fews\">&nbsp;<\/div>\n<p><\/p>\n<div class=\"section-wrapper\" data-id=\"a0YyWe\">\n<section class=\"wp-block-gutenverse-section guten-element guten-section guten-a0YyWe hide-mobile layout-boxed align-stretch\">\n<div class=\"guten-container guten-column-gap-no\"><p><\/p>\n<div class=\"wp-block-gutenverse-column guten-element guten-column guten-bVYTzc\">\n<div class=\"guten-column-wrapper\" data-id=\"bVYTzc\">&nbsp;<\/div>\n<\/div>\n<p><\/p><\/div>\n<\/section>\n<\/div>\n<p><\/p><\/div>\n<\/div>\n<p><\/p>\n<div class=\"wp-block-gutenverse-column guten-element guten-column guten-QY9gBW\">\n<div class=\"guten-column-wrapper\" data-id=\"QY9gBW\">\n<div class=\"guten-background-overlay\">&nbsp;<\/div>\n<p><\/p>\n<h5 class=\"wp-block-gutenverse-heading guten-element guten-0wycLk\">Dobrodo\u0161li u Sigurnu zonu!<\/h5>\n<p><\/p>\n<h2 class=\"wp-block-gutenverse-heading guten-element guten-wPGz2E\">Va\u0161a sigurnost na internetu je na\u0161a misija<\/h2>\n<p><\/p>\n<div class=\"guten-element gutenverse-text-editor guten-O8ssXM\">\n<div class=\"text-content-inner\"><p><\/p>\n<p>Besplatni alati i resursi za sigurnije online djelovanje civilnog sektora. Zajedno gradimo sigurniji online prostor<\/p>\n<p><\/p><\/div>\n<\/div>\n<p><\/p>\n<div class=\"section-wrapper\" data-id=\"jHMi2E\">\n<section class=\"wp-block-gutenverse-section guten-element guten-section guten-jHMi2E layout-boxed align-stretch\">\n<div class=\"guten-container guten-column-gap-no\"><p><\/p>\n<div class=\"wp-block-gutenverse-column guten-element guten-column guten-IYnGEc\">\n<div class=\"guten-column-wrapper\" data-id=\"IYnGEc\"><p><\/p>\n<div class=\"guten-element guten-Hlp1bH guten-icon-box icon-position-top\">\n<div class=\"guten-icon-box-wrapper hover-from-left\">\n<div class=\"icon-box icon-box-header\">\n<div class=\"icon bg-style-color\">&nbsp;<\/div>\n<\/div>\n<div class=\"icon-box icon-box-body\">\n<h3 class=\"title\">Na\u0161a Vizija<\/h3>\n<p class=\"icon-box-description\">Stvoriti sigurno digitalno okru\u017eenje u kojem organizacije civilnog dru\u0161tva mogu djelovati slobodno, sigurno i bez straha od cyber prijetnji.<\/p>\n<\/div>\n<\/div>\n<\/div>\n<p><\/p><\/div>\n<\/div>\n<p><\/p>\n<div class=\"wp-block-gutenverse-column guten-element guten-column guten-jPS67Y\">\n<div class=\"guten-column-wrapper\" data-id=\"jPS67Y\"><p><\/p>\n<div class=\"guten-element guten-4Bohgc guten-icon-box icon-position-top\">\n<div class=\"guten-icon-box-wrapper hover-from-left\">\n<div class=\"icon-box icon-box-header\">\n<div class=\"icon bg-style-color\">&nbsp;<\/div>\n<\/div>\n<div class=\"icon-box icon-box-body\">\n<h3 class=\"title\">Na\u0161a Misija<\/h3>\n<p class=\"icon-box-description\">Cilj nam je osna\u017eiti organizacije da za\u0161tite svoje podatke, o\u010duvaju digitalnu prisutnost i samouvjereno se nose sa online rizicima<\/p>\n<\/div>\n<\/div>\n<\/div>\n<p><\/p><\/div>\n<\/div>\n<p><\/p><\/div>\n<\/section>\n<\/div>\n<p><\/p><\/div>\n<\/div>\n<p><\/p><\/div>\n<\/section>\n<\/div>\n<p><\/p>\n<div class=\"section-wrapper\" data-id=\"fwLdBf\">\n<section class=\"wp-block-gutenverse-section guten-element guten-section guten-fwLdBf layout-boxed align-stretch\">\n<div class=\"guten-background-overlay\">&nbsp;<\/div>\n<div class=\"guten-container guten-column-gap-no\"><p><\/p>\n<div class=\"wp-block-gutenverse-column guten-element guten-column guten-1gYbII animated guten-element-hide desktop-fadeInUp\">\n<div class=\"guten-column-wrapper\" data-id=\"1gYbII\"><p><\/p>\n<div class=\"guten-element guten-TRczpT guten-fun-fact align-center hover-from-left\">\n<div class=\"fun-fact-inner\">\n<div class=\"icon-box\">\n<div class=\"icon\">&nbsp;<\/div>\n<\/div>\n<div class=\"content block\">\n<div class=\"number-wrapper\"><sup class=\"super\">+<\/sup><\/div>\n<h5 class=\"title\">Cybersecurity Projects<\/h5>\n<\/div>\n<\/div>\n<\/div>\n<p><\/p><\/div>\n<\/div>\n<p><\/p>\n<div class=\"wp-block-gutenverse-column guten-element guten-column guten-V34CCi animated guten-element-hide desktop-fadeInUp\">\n<div class=\"guten-column-wrapper\" data-id=\"V34CCi\"><p><\/p>\n<div class=\"guten-element guten-NQC7yX guten-fun-fact align-center hover-from-left\">\n<div class=\"fun-fact-inner\">\n<div class=\"icon-box\">\n<div class=\"icon\">&nbsp;<\/div>\n<\/div>\n<div class=\"content block\">\n<div class=\"number-wrapper\"><sup class=\"super\">+<\/sup><\/div>\n<h5 class=\"title\">Clients Protection<\/h5>\n<\/div>\n<\/div>\n<\/div>\n<p><\/p><\/div>\n<\/div>\n<p><\/p>\n<div class=\"wp-block-gutenverse-column guten-element guten-column guten-m8bOxJ animated guten-element-hide desktop-fadeInUp\">\n<div class=\"guten-column-wrapper\" data-id=\"m8bOxJ\"><p><\/p>\n<div class=\"guten-element guten-fbJpkP guten-fun-fact align-center hover-from-left\">\n<div class=\"fun-fact-inner\">\n<div class=\"icon-box\">\n<div class=\"icon\">&nbsp;<\/div>\n<\/div>\n<div class=\"content block\">\n<div class=\"number-wrapper\"><sup class=\"super\">%<\/sup><\/div>\n<h5 class=\"title\">Service Guarantee<\/h5>\n<\/div>\n<\/div>\n<\/div>\n<p><\/p><\/div>\n<\/div>\n<p><\/p>\n<div class=\"wp-block-gutenverse-column guten-element guten-column guten-ADTeZ8 animated guten-element-hide desktop-fadeInUp\">\n<div class=\"guten-column-wrapper\" data-id=\"ADTeZ8\"><p><\/p>\n<div class=\"guten-element guten-nCsXvY guten-fun-fact align-center hover-from-left\">\n<div class=\"fun-fact-inner\">\n<div class=\"icon-box\">\n<div class=\"icon\">&nbsp;<\/div>\n<\/div>\n<div class=\"content block\">\n<div class=\"number-wrapper\"><sup class=\"super\">+<\/sup><\/div>\n<h5 class=\"title\">Team Experts<\/h5>\n<\/div>\n<\/div>\n<\/div>\n<p><\/p><\/div>\n<\/div>\n<p><\/p><\/div>\n<\/section>\n<\/div>\n<p>\n<div class=\"section-wrapper\" data-id=\"46GDJ8\"><section class=\"wp-block-gutenverse-section guten-element guten-section guten-46GDJ8 layout-boxed align-stretch\"><div class=\"guten-container guten-column-gap-no\">\n<div class=\"wp-block-gutenverse-column guten-element guten-column guten-D1KqBi\"><div class=\"guten-column-wrapper\" data-id=\"D1KqBi\">\n<div class=\"section-wrapper\" data-id=\"h3sMOJ\"><section class=\"wp-block-gutenverse-section guten-element guten-section guten-h3sMOJ layout-boxed align-stretch\"><div class=\"guten-container guten-column-gap-no\">\n<div class=\"wp-block-gutenverse-column guten-element guten-column guten-iOk9yH\"><div class=\"guten-column-wrapper\" data-id=\"iOk9yH\">\n<div class=\"wp-block-gutenverse-image guten-element guten-image guten-NEldY4\"><div class=\"guten-image-wrapper\"><img fetchpriority=\"high\" decoding=\"async\" class=\"gutenverse-image-box-filled\" src=\"https:\/\/sigurnazona.ba\/wp-content\/uploads\/2025\/11\/sigurna-zona-logo-removebg-preview.png\" height=\"362\" width=\"690\"\/><\/div><\/div>\n<\/div><\/div>\n\n\n\n<div class=\"wp-block-gutenverse-column guten-element guten-column guten-CmYHqe\"><div class=\"guten-column-wrapper\" data-id=\"CmYHqe\">\n<div class=\"guten-element guten-social-icons guten-GXv5aV circle horizontal fill\">\n<div class=\"guten-element guten-social-icon guten-WJdkOg twitter\"><a id=\"guten-WJdkOg\" href=\"#\"><i class=\"fab fa-x-twitter\"><\/i><\/a><\/div>\n\n\n\n<div class=\"guten-element guten-social-icon guten-Wgn3QI facebook\"><a id=\"guten-Wgn3QI\" href=\"#\"><i class=\"fab fa-facebook-f\"><\/i><\/a><\/div>\n\n\n\n<div class=\"guten-element guten-social-icon guten-2oa1qp instagram\"><a id=\"guten-2oa1qp\" href=\"#\"><i class=\"fab fa-instagram\"><\/i><\/a><\/div>\n\n\n\n<div class=\"guten-element guten-social-icon guten-5MTpy8 youtube\"><a id=\"guten-5MTpy8\" href=\"#\"><i class=\"fab fa-youtube\"><\/i><\/a><\/div>\n<\/div>\n<\/div><\/div>\n<\/div><\/section><\/div>\n<\/div><\/div>\n<\/div><\/section><\/div>\n<\/p>\t\t\t\t\t\t\t\t<\/div>\n\t\t\t\t\t<\/div>\n\t\t\t\t<\/div>\n\t\t\t\t<\/div>","protected":false},"excerpt":{"rendered":"","protected":false},"author":1,"featured_media":0,"parent":0,"menu_order":0,"comment_status":"closed","ping_status":"closed","template":"blank-canvas","meta":{"footnotes":""},"class_list":["post-59","page","type-page","status-publish","hentry"],"_hostinger_reach_plugin_has_subscription_block":false,"_hostinger_reach_plugin_is_elementor":false,"_links":{"self":[{"href":"https:\/\/sigurnazona.ba\/en\/wp-json\/wp\/v2\/pages\/59","targetHints":{"allow":["GET"]}}],"collection":[{"href":"https:\/\/sigurnazona.ba\/en\/wp-json\/wp\/v2\/pages"}],"about":[{"href":"https:\/\/sigurnazona.ba\/en\/wp-json\/wp\/v2\/types\/page"}],"author":[{"embeddable":true,"href":"https:\/\/sigurnazona.ba\/en\/wp-json\/wp\/v2\/users\/1"}],"replies":[{"embeddable":true,"href":"https:\/\/sigurnazona.ba\/en\/wp-json\/wp\/v2\/comments?post=59"}],"version-history":[{"count":13,"href":"https:\/\/sigurnazona.ba\/en\/wp-json\/wp\/v2\/pages\/59\/revisions"}],"predecessor-version":[{"id":393,"href":"https:\/\/sigurnazona.ba\/en\/wp-json\/wp\/v2\/pages\/59\/revisions\/393"}],"wp:attachment":[{"href":"https:\/\/sigurnazona.ba\/en\/wp-json\/wp\/v2\/media?parent=59"}],"curies":[{"name":"wp","href":"https:\/\/api.w.org\/{rel}","templated":true}]}}